{"id":1259,"date":"2021-03-01T12:07:24","date_gmt":"2021-03-01T10:07:24","guid":{"rendered":"https:\/\/fiberfit.eu\/?page_id=1259"},"modified":"2021-03-01T12:36:30","modified_gmt":"2021-03-01T10:36:30","slug":"neuigkeiten","status":"publish","type":"page","link":"https:\/\/fiberfit.eu\/de\/neuigkeiten\/","title":{"rendered":"Neuigkeiten"},"content":{"rendered":"<p>[et_pb_section fb_built=&#8220;1&#8243; _builder_version=&#8220;4.5.6&#8243; _module_preset=&#8220;default&#8220; background_enable_color=&#8220;off&#8220; custom_padding=&#8220;||80px||false|false&#8220;][et_pb_row column_structure=&#8220;3_4,1_4&#8243; _builder_version=&#8220;4.6.5&#8243; _module_preset=&#8220;default&#8220;][et_pb_column type=&#8220;3_4&#8243; _builder_version=&#8220;4.5.6&#8243; _module_preset=&#8220;default&#8220;][et_pb_text _builder_version=&#8220;4.9.0&#8243; _module_preset=&#8220;default&#8220; text_font=&#8220;|300|||||||&#8220; header_font=&#8220;|800|||||||&#8220; header_font_size=&#8220;40px&#8220; header_letter_spacing=&#8220;1px&#8220; header_line_height=&#8220;1.2em&#8220; header_font_size_tablet=&#8220;&#8220; header_font_size_phone=&#8220;30px&#8220; header_font_size_last_edited=&#8220;on|phone&#8220;]<\/p>\n<h1>Neuigkeiten \u00fcber FiberFIT und \u00dcberwachung von Glasfasernetzen<span style=\"color: #a2c33d;\">.<\/span><\/h1>\n<p>Neuigkeiten zum Testen, Messen, \u00dcberwachen und Verwalten von Glasfasernetzen. Informationen zum intelligenten Umgang mit Daten mit FiberFIT Home + FiberFIT Monitoring.[\/et_pb_text][\/et_pb_column][et_pb_column type=&#8220;1_4&#8243; _builder_version=&#8220;4.5.6&#8243; _module_preset=&#8220;default&#8220;][\/et_pb_column][\/et_pb_row][et_pb_row column_structure=&#8220;2_3,1_3&#8243; _builder_version=&#8220;4.6.5&#8243; _module_preset=&#8220;default&#8220;][et_pb_column type=&#8220;2_3&#8243; _builder_version=&#8220;4.6.5&#8243; _module_preset=&#8220;default&#8220;][et_pb_blog fullwidth=&#8220;off&#8220; include_categories=&#8220;19&#8243; use_manual_excerpt=&#8220;off&#8220; show_author=&#8220;off&#8220; show_excerpt=&#8220;off&#8220; _builder_version=&#8220;4.9.0&#8243; _module_preset=&#8220;default&#8220; header_font=&#8220;|800|||||||&#8220; header_font_size=&#8220;36px&#8220; header_letter_spacing=&#8220;1px&#8220; header_line_height=&#8220;1.2em&#8220; border_radii=&#8220;on|4px|4px|4px|4px&#8220; border_width_all=&#8220;0px&#8220; box_shadow_style=&#8220;preset5&#8243; box_shadow_vertical=&#8220;10px&#8220; box_shadow_blur=&#8220;55px&#8220; box_shadow_spread=&#8220;0px&#8220; box_shadow_color=&#8220;rgba(0,0,0,0.07)&#8220;][\/et_pb_blog][\/et_pb_column][et_pb_column type=&#8220;1_3&#8243; _builder_version=&#8220;4.6.5&#8243; _module_preset=&#8220;default&#8220;][et_pb_sidebar area=&#8220;et_pb_widget_area_2&#8243; show_border=&#8220;off&#8220; _builder_version=&#8220;4.9.0&#8243; _module_preset=&#8220;default&#8220; background_color=&#8220;#ebe9e9&#8243; custom_padding=&#8220;40px|20px||30px|false|false&#8220; border_radii=&#8220;on|4px|4px|4px|4px&#8220;][\/et_pb_sidebar][\/et_pb_column][\/et_pb_row][\/et_pb_section][et_pb_section fb_built=&#8220;1&#8243; _builder_version=&#8220;4.6.5&#8243; _module_preset=&#8220;default&#8220; background_color=&#8220;#0c71c3&#8243; background_image=&#8220;https:\/\/fiberfit.eu\/wp-content\/uploads\/2020\/10\/bckgrnd-style-cta-3.png&#8220; parallax=&#8220;on&#8220; custom_padding=&#8220;||80px||false|false&#8220;][et_pb_row _builder_version=&#8220;4.9.0&#8243; _module_preset=&#8220;default&#8220; max_width=&#8220;800px&#8220; hover_enabled=&#8220;0&#8243; sticky_enabled=&#8220;0&#8243;][et_pb_column type=&#8220;4_4&#8243; _builder_version=&#8220;4.5.6&#8243; _module_preset=&#8220;default&#8220;][et_pb_text _builder_version=&#8220;4.9.0&#8243; _module_preset=&#8220;default&#8220; text_font=&#8220;|300|||||||&#8220; header_font=&#8220;|800|||||||&#8220; header_font_size=&#8220;46px&#8220; header_letter_spacing=&#8220;1px&#8220; header_3_font=&#8220;|800|||||||&#8220; header_3_font_size=&#8220;40px&#8220; header_3_letter_spacing=&#8220;1px&#8220; header_3_line_height=&#8220;1.2em&#8220; header_6_font=&#8220;|800|||||||&#8220; header_6_font_size=&#8220;40px&#8220; header_6_letter_spacing=&#8220;1px&#8220; header_6_line_height=&#8220;1.2em&#8220; text_orientation=&#8220;center&#8220; background_layout=&#8220;dark&#8220; hover_enabled=&#8220;0&#8243; header_3_font_size_tablet=&#8220;&#8220; header_3_font_size_phone=&#8220;30px&#8220; header_3_font_size_last_edited=&#8220;on|phone&#8220; header_6_font_size_tablet=&#8220;&#8220; header_6_font_size_phone=&#8220;30px&#8220; header_6_font_size_last_edited=&#8220;on|phone&#8220; sticky_enabled=&#8220;0&#8243;]<\/p>\n<h6> M\u00f6chten Sie mehr \u00fcber die \u00dcberwachung Ihres Glasfasernetzes erfahren<span class=\"question\"><\/span>?<\/span><\/h6>\n<p>Sind Sie Eigent\u00fcmer, Verwalter oder Betreiber eines Glasfasernetzes? Sind Sie neugierig, was FiberFIT Monitoring f\u00fcr Sie bedeuten kann? Unsere Spezialisten helfen Ihnen gerne weiter. M\u00f6chten Sie wirklich herausfinden, wie es funktioniert? Fordern Sie sofort eine Demo an.[\/et_pb_text][et_pb_button button_url=&#8220;https:\/\/fiberfit.eu\/de\/contact\/&#8220; button_text=&#8220;Demo anfordern&#8220; button_alignment=&#8220;center&#8220; _builder_version=&#8220;4.9.0&#8243; _module_preset=&#8220;default&#8220; custom_button=&#8220;on&#8220; button_text_size=&#8220;18px&#8220; button_text_color=&#8220;#ffffff&#8220; button_bg_color=&#8220;#8b20bb&#8220; button_border_width=&#8220;6px&#8220; button_border_color=&#8220;#8b20bb&#8220; button_border_radius=&#8220;50px&#8220; button_use_icon=&#8220;off&#8220; hover_enabled=&#8220;0&#8243; button_letter_spacing__hover_enabled=&#8220;on|hover&#8220; button_letter_spacing__hover=&#8220;&#8220; sticky_enabled=&#8220;0&#8243;][\/et_pb_button][\/et_pb_column][\/et_pb_row][\/et_pb_section][et_pb_section fb_built=&#8220;1&#8243; _builder_version=&#8220;4.5.6&#8243; _module_preset=&#8220;default&#8220; background_color=&#8220;#737f8a&#8220; custom_padding=&#8220;80px||||false|false&#8220; saved_tabs=&#8220;all&#8220; global_module=&#8220;1151&#8243;][et_pb_row column_structure=&#8220;1_4,1_4,1_4,1_4&#8243; _builder_version=&#8220;4.5.6&#8243; _module_preset=&#8220;default&#8220;][et_pb_column type=&#8220;1_4&#8243; _builder_version=&#8220;4.5.6&#8243; _module_preset=&#8220;default&#8220;][et_pb_image src=&#8220;https:\/\/fiberfit.eu\/wp-content\/uploads\/2020\/08\/logo-fiberfit-monitoring-white.png&#8220; title_text=&#8220;logo-fiberfit-monitoring-white&#8220; src_tablet=&#8220;&#8220; src_phone=&#8220;&#8220; src_last_edited=&#8220;on|desktop&#8220; align_tablet=&#8220;&#8220; align_phone=&#8220;center&#8220; align_last_edited=&#8220;on|phone&#8220; _builder_version=&#8220;4.7.7&#8243; _module_preset=&#8220;default&#8220;][\/et_pb_image][et_pb_text _builder_version=&#8220;4.7.7&#8243; _module_preset=&#8220;default&#8220; text_font=&#8220;||||||||&#8220; header_font=&#8220;|800|||||||&#8220; header_font_size=&#8220;46px&#8220; header_letter_spacing=&#8220;1px&#8220; background_layout=&#8220;dark&#8220; text_orientation_tablet=&#8220;&#8220; text_orientation_phone=&#8220;center&#8220; text_orientation_last_edited=&#8220;on|phone&#8220;]Ihr Glasfasernetz unter Kontrolle.[\/et_pb_text][\/et_pb_column][et_pb_column type=&#8220;1_4&#8243; _builder_version=&#8220;4.5.6&#8243; _module_preset=&#8220;default&#8220;][et_pb_text _builder_version=&#8220;4.7.7&#8243; _module_preset=&#8220;default&#8220; text_font=&#8220;|300|||||||&#8220; header_font=&#8220;|800|||||||&#8220; header_font_size=&#8220;46px&#8220; header_letter_spacing=&#8220;1px&#8220; header_4_text_color=&#8220;#ffffff&#8220; header_4_line_height=&#8220;1.2em&#8220; background_layout=&#8220;dark&#8220; text_orientation_tablet=&#8220;&#8220; text_orientation_phone=&#8220;center&#8220; text_orientation_last_edited=&#8220;on|phone&#8220;]<\/p>\n<h4>Kontakt<\/h4>\n<p>FiberFIT<br \/>\n+31 (0)35-6237936<br \/>\ninfo@fiberfit.eu[\/et_pb_text][et_pb_social_media_follow _builder_version=&#8220;4.6.6&#8243; _module_preset=&#8220;default&#8220; text_orientation_tablet=&#8220;&#8220; text_orientation_phone=&#8220;center&#8220; text_orientation_last_edited=&#8220;on|phone&#8220;][et_pb_social_media_follow_network social_network=&#8220;linkedin&#8220; url=&#8220;https:\/\/www.linkedin.com\/company\/fiberfiteu\/&#8220; _builder_version=&#8220;4.6.5&#8243; _module_preset=&#8220;default&#8220; background_color=&#8220;#007bb6&#8243; follow_button=&#8220;off&#8220; url_new_window=&#8220;on&#8220;]linkedin[\/et_pb_social_media_follow_network][\/et_pb_social_media_follow][\/et_pb_column][et_pb_column type=&#8220;1_4&#8243; _builder_version=&#8220;4.5.6&#8243; _module_preset=&#8220;default&#8220;][et_pb_text _builder_version=&#8220;4.8.1&#8243; _module_preset=&#8220;default&#8220; text_font=&#8220;|300|||||||&#8220; header_font=&#8220;|800|||||||&#8220; header_font_size=&#8220;46px&#8220; header_letter_spacing=&#8220;1px&#8220; header_4_text_color=&#8220;#ffffff&#8220; header_4_line_height=&#8220;1.2em&#8220; background_layout=&#8220;dark&#8220; text_orientation_tablet=&#8220;&#8220; text_orientation_phone=&#8220;center&#8220; text_orientation_last_edited=&#8220;on|phone&#8220;]<\/p>\n<h4>\u00dcber uns<\/h4>\n<p><a href=\"https:\/\/www.simac.com\/en\/\" target=\"_blank\" rel=\"noopener noreferrer\" style=\"color: #ffffff;\">Simac Electronics<\/a><br \/>\n<a href=\"https:\/\/www.speerit.nl\/en\/\" target=\"_blank\" rel=\"noopener noreferrer\" style=\"color: #ffffff;\">Speer IT<\/a><br \/>\n<a href=\"https:\/\/fiberfit.eu\/de\/kontakt\/\" style=\"color: #ffffff;\">Contact<\/a>[\/et_pb_text][\/et_pb_column][et_pb_column type=&#8220;1_4&#8243; _builder_version=&#8220;4.5.6&#8243; _module_preset=&#8220;default&#8220;][et_pb_text _builder_version=&#8220;4.8.1&#8243; _module_preset=&#8220;default&#8220; text_font=&#8220;|300|||||||&#8220; header_font=&#8220;|800|||||||&#8220; header_font_size=&#8220;46px&#8220; header_letter_spacing=&#8220;1px&#8220; header_4_text_color=&#8220;#ffffff&#8220; header_4_line_height=&#8220;1.2em&#8220; background_layout=&#8220;dark&#8220; text_orientation_tablet=&#8220;&#8220; text_orientation_phone=&#8220;center&#8220; text_orientation_last_edited=&#8220;on|phone&#8220;]<\/p>\n<h4>Produkte<\/h4>\n<p><a href=\"https:\/\/fiberfit.eu\/\/de\/fiberfit-home\/\" style=\"color: #ffffff;\">FiberFIT Home<\/a><br \/>\n<a href=\"https:\/\/fiberfit.eu\/de\/fiberfit-monitoring\/\" style=\"color: #ffffff;\">FiberFIT Monitoring<\/a>[\/et_pb_text][\/et_pb_column][\/et_pb_row][et_pb_row _builder_version=&#8220;4.5.6&#8243; _module_preset=&#8220;default&#8220; custom_padding=&#8220;0px||||false|false&#8220;][et_pb_column type=&#8220;4_4&#8243; _builder_version=&#8220;4.5.6&#8243; _module_preset=&#8220;default&#8220;][et_pb_text _builder_version=&#8220;4.7.7&#8243; _module_preset=&#8220;default&#8220; text_font=&#8220;|300|||||||&#8220; text_font_size=&#8220;15px&#8220; header_font=&#8220;|800|||||||&#8220; header_font_size=&#8220;46px&#8220; header_letter_spacing=&#8220;1px&#8220; text_orientation=&#8220;center&#8220; background_layout=&#8220;dark&#8220;]Datenschutzerkl\u00e4rung (EN)[\/et_pb_text][\/et_pb_column][\/et_pb_row][\/et_pb_section]<\/p>\n","protected":false},"excerpt":{"rendered":"<p>Neuigkeiten \u00fcber FiberFIT und \u00dcberwachung von Glasfasernetzen. Neuigkeiten zum Testen, Messen, \u00dcberwachen und Verwalten von Glasfasernetzen. Informationen zum intelligenten Umgang mit Daten mit FiberFIT Home + FiberFIT Monitoring. M\u00f6chten Sie mehr \u00fcber die \u00dcberwachung Ihres Glasfasernetzes erfahren? Sind Sie Eigent\u00fcmer, Verwalter oder Betreiber eines Glasfasernetzes? Sind Sie neugierig, was FiberFIT Monitoring f\u00fcr Sie bedeuten kann? [&hellip;]<\/p>\n","protected":false},"author":2,"featured_media":0,"parent":0,"menu_order":4,"comment_status":"closed","ping_status":"closed","template":"","meta":{"_et_pb_use_builder":"on","_et_pb_old_content":"[et_pb_section fb_built=\"1\" _builder_version=\"4.5.6\" _module_preset=\"default\" background_enable_color=\"off\" custom_padding=\"||80px||false|false\"][et_pb_row column_structure=\"3_4,1_4\" _builder_version=\"4.6.5\" _module_preset=\"default\"][et_pb_column type=\"3_4\" _builder_version=\"4.5.6\" _module_preset=\"default\"][et_pb_text _builder_version=\"4.6.6\" _module_preset=\"default\" text_font=\"|300|||||||\" header_font=\"|800|||||||\" header_font_size=\"40px\" header_letter_spacing=\"1px\" header_line_height=\"1.2em\" header_font_size_tablet=\"\" header_font_size_phone=\"30px\" header_font_size_last_edited=\"on|phone\"]<h1>Nieuws over FiberFIT en monitoring van glasvezelnetwerken<span style=\"color: #a2c33d;\">.<\/span><\/h1>\r\nNieuws over het testen, meten, monitoren en beheren van glasvezelnetwerken. Over slim omgaan met data met FiberFIT Home + FiberFIT Monitoring.[\/et_pb_text][\/et_pb_column][et_pb_column type=\"1_4\" _builder_version=\"4.5.6\" _module_preset=\"default\"][\/et_pb_column][\/et_pb_row][et_pb_row column_structure=\"2_3,1_3\" _builder_version=\"4.6.5\" _module_preset=\"default\"][et_pb_column type=\"2_3\" _builder_version=\"4.6.5\" _module_preset=\"default\"][et_pb_blog fullwidth=\"off\" include_categories=\"10\" use_manual_excerpt=\"off\" show_author=\"off\" show_excerpt=\"off\" _builder_version=\"4.6.6\" _module_preset=\"default\" header_font=\"|800|||||||\" header_font_size=\"36px\" header_letter_spacing=\"1px\" header_line_height=\"1.2em\" border_radii=\"on|4px|4px|4px|4px\" border_width_all=\"0px\" box_shadow_style=\"preset5\" box_shadow_vertical=\"10px\" box_shadow_blur=\"55px\" box_shadow_spread=\"0px\" box_shadow_color=\"rgba(0,0,0,0.07)\"][\/et_pb_blog][\/et_pb_column][et_pb_column type=\"1_3\" _builder_version=\"4.6.5\" _module_preset=\"default\"][et_pb_sidebar show_border=\"off\" _builder_version=\"4.6.5\" _module_preset=\"default\" background_color=\"#ebe9e9\" custom_padding=\"40px|20px||30px|false|false\" border_radii=\"on|4px|4px|4px|4px\"][\/et_pb_sidebar][\/et_pb_column][\/et_pb_row][\/et_pb_section][et_pb_section fb_built=\"1\" _builder_version=\"4.6.5\" _module_preset=\"default\" background_color=\"#0c71c3\" background_image=\"https:\/\/fiberfit.eu\/wp-content\/uploads\/2020\/10\/bckgrnd-style-cta-3.png\" parallax=\"on\" custom_padding=\"||80px||false|false\"][et_pb_row _builder_version=\"4.5.6\" _module_preset=\"default\" max_width=\"700px\"][et_pb_column type=\"4_4\" _builder_version=\"4.5.6\" _module_preset=\"default\"][et_pb_text _builder_version=\"4.6.6\" _module_preset=\"default\" text_font=\"|300|||||||\" header_font=\"|800|||||||\" header_font_size=\"46px\" header_letter_spacing=\"1px\" header_3_font=\"|800|||||||\" header_3_font_size=\"40px\" header_3_letter_spacing=\"1px\" header_3_line_height=\"1.2em\" header_6_font=\"|800|||||||\" header_6_font_size=\"40px\" header_6_letter_spacing=\"1px\" header_6_line_height=\"1.2em\" text_orientation=\"center\" background_layout=\"dark\" header_3_font_size_tablet=\"\" header_3_font_size_phone=\"30px\" header_3_font_size_last_edited=\"on|phone\" header_6_font_size_tablet=\"\" header_6_font_size_phone=\"30px\" header_6_font_size_last_edited=\"on|phone\"]<h6>Meer weten over het monitoren van uw glasvezelnetwerk<span class=\"question\"><\/span>?<\/span><\/h6>\r\nBent u eigenaar, beheerder of operator van een glasvezelnetwerk? En bent u benieuwd wat FiberFIT Monitoring concreet voor u kan betekenen? Onze specialisten staan u graag te woord. Wilt u echt ontdekken hoe het werkt? Vraag dan direct een demo aan.[\/et_pb_text][et_pb_button button_url=\"https:\/\/fiberfit.eu\/contact\/\" button_text=\"Demo aanvragen\" button_alignment=\"center\" _builder_version=\"4.6.6\" _module_preset=\"default\" custom_button=\"on\" button_text_size=\"18px\" button_text_color=\"#ffffff\" button_bg_color=\"#8b20bb\" button_border_width=\"6px\" button_border_color=\"#8b20bb\" button_border_radius=\"50px\" button_use_icon=\"off\" button_letter_spacing__hover_enabled=\"on|hover\" button_letter_spacing__hover=\"\"][\/et_pb_button][\/et_pb_column][\/et_pb_row][\/et_pb_section][et_pb_section fb_built=\"1\" _builder_version=\"4.5.6\" _module_preset=\"default\" background_color=\"#737f8a\" custom_padding=\"80px||||false|false\" global_module=\"373\" saved_tabs=\"all\"][et_pb_row column_structure=\"1_4,1_4,1_4,1_4\" _builder_version=\"4.5.6\" _module_preset=\"default\"][et_pb_column type=\"1_4\" _builder_version=\"4.5.6\" _module_preset=\"default\"][et_pb_image src=\"https:\/\/fiberfit.eu\/wp-content\/uploads\/2020\/08\/logo-fiberfit-monitoring-white.png\" title_text=\"logo-fiberfit-monitoring-white\" src_tablet=\"\" src_phone=\"\" src_last_edited=\"on|desktop\" align_tablet=\"\" align_phone=\"center\" align_last_edited=\"on|phone\" _builder_version=\"4.6.6\" _module_preset=\"default\"][\/et_pb_image][et_pb_text _builder_version=\"4.6.6\" _module_preset=\"default\" text_font=\"||||||||\" header_font=\"|800|||||||\" header_font_size=\"46px\" header_letter_spacing=\"1px\" background_layout=\"dark\" text_orientation_tablet=\"\" text_orientation_phone=\"center\" text_orientation_last_edited=\"on|phone\"]Uw glasvezelnetwerk onder controle.[\/et_pb_text][\/et_pb_column][et_pb_column type=\"1_4\" _builder_version=\"4.5.6\" _module_preset=\"default\"][et_pb_text _builder_version=\"4.6.6\" _module_preset=\"default\" text_font=\"|300|||||||\" header_font=\"|800|||||||\" header_font_size=\"46px\" header_letter_spacing=\"1px\" header_4_text_color=\"#ffffff\" header_4_line_height=\"1.2em\" background_layout=\"dark\" text_orientation_tablet=\"\" text_orientation_phone=\"center\" text_orientation_last_edited=\"on|phone\"]<h4>Contact<\/h4>\r\n<p>FiberFIT<br \/>\r\n+31 (0)35-6237936<br \/>\r\ninfo@fiberfit.eu[\/et_pb_text][et_pb_social_media_follow _builder_version=\"4.6.6\" _module_preset=\"default\" text_orientation_tablet=\"\" text_orientation_phone=\"center\" text_orientation_last_edited=\"on|phone\"][et_pb_social_media_follow_network social_network=\"linkedin\" url=\"https:\/\/www.linkedin.com\/company\/fiberfiteu\/\" _builder_version=\"4.6.5\" _module_preset=\"default\" background_color=\"#007bb6\" follow_button=\"off\" url_new_window=\"on\"]linkedin[\/et_pb_social_media_follow_network][\/et_pb_social_media_follow][\/et_pb_column][et_pb_column type=\"1_4\" _builder_version=\"4.5.6\" _module_preset=\"default\"][et_pb_text _builder_version=\"4.6.6\" _module_preset=\"default\" text_font=\"|300|||||||\" header_font=\"|800|||||||\" header_font_size=\"46px\" header_letter_spacing=\"1px\" header_4_text_color=\"#ffffff\" header_4_line_height=\"1.2em\" background_layout=\"dark\" text_orientation_tablet=\"\" text_orientation_phone=\"center\" text_orientation_last_edited=\"on|phone\"]<h4>Over ons<\/h4>\r\n<p><a href=\"https:\/\/www.simac.com\/nl\" target=\"_blank\" rel=\"noopener noreferrer\" style=\"color: #ffffff;\">Simac Electronics<\/a><br \/>\r\n<a href=\"https:\/\/www.speerit.nl\" target=\"_blank\" rel=\"noopener noreferrer\" style=\"color: #ffffff;\">Speer IT<\/a><br \/>\r\n<a href=\"https:\/\/fiberfit.eu\/contact\/\" style=\"color: #ffffff;\">Contact<\/a><\/span>[\/et_pb_text][\/et_pb_column][et_pb_column type=\"1_4\" _builder_version=\"4.5.6\" _module_preset=\"default\"][et_pb_text _builder_version=\"4.6.6\" _module_preset=\"default\" text_font=\"|300|||||||\" header_font=\"|800|||||||\" header_font_size=\"46px\" header_letter_spacing=\"1px\" header_4_text_color=\"#ffffff\" header_4_line_height=\"1.2em\" background_layout=\"dark\" text_orientation_tablet=\"\" text_orientation_phone=\"center\" text_orientation_last_edited=\"on|phone\"]<h4>Producten<\/h4>\r\n<p><a href=\"https:\/\/fiberfit.eu\/fiberfit-home\/\" style=\"color: #ffffff;\">FiberFIT Home<\/a><\/span><br \/>\r\n<a href=\"https:\/\/fiberfit.eu\/fiberfit-monitoring\/\" style=\"color: #ffffff;\">FiberFIT Monitoring<\/a><\/span>[\/et_pb_text][\/et_pb_column][\/et_pb_row][et_pb_row _builder_version=\"4.5.6\" _module_preset=\"default\" custom_padding=\"0px||||false|false\"][et_pb_column type=\"4_4\" _builder_version=\"4.5.6\" _module_preset=\"default\"][et_pb_text _builder_version=\"4.7.7\" _module_preset=\"default\" text_font=\"|300|||||||\" text_font_size=\"15px\" header_font=\"|800|||||||\" header_font_size=\"46px\" header_letter_spacing=\"1px\" text_orientation=\"center\" background_layout=\"dark\"]<a href=\"https:\/\/fiberfit.eu\/privacyverklaring\/\" style=\"color: #ffffff;\">Privacyverklaring<\/a><\/span>[\/et_pb_text][\/et_pb_column][\/et_pb_row][\/et_pb_section]","_et_gb_content_width":"","footnotes":""},"class_list":["post-1259","page","type-page","status-publish","hentry"],"yoast_head":"<!-- This site is optimized with the Yoast SEO plugin v27.0 - https:\/\/yoast.com\/product\/yoast-seo-wordpress\/ -->\n<title>Neuigkeiten - FiberFIT<\/title>\n<meta name=\"robots\" content=\"index, follow, max-snippet:-1, max-image-preview:large, max-video-preview:-1\" \/>\n<link rel=\"canonical\" href=\"https:\/\/fiberfit.eu\/de\/neuigkeiten\/\" \/>\n<meta property=\"og:locale\" content=\"de_DE\" \/>\n<meta property=\"og:type\" content=\"article\" \/>\n<meta property=\"og:title\" content=\"Neuigkeiten - FiberFIT\" \/>\n<meta property=\"og:description\" content=\"Neuigkeiten \u00fcber FiberFIT und \u00dcberwachung von Glasfasernetzen. Neuigkeiten zum Testen, Messen, \u00dcberwachen und Verwalten von Glasfasernetzen. Informationen zum intelligenten Umgang mit Daten mit FiberFIT Home + FiberFIT Monitoring. M\u00f6chten Sie mehr \u00fcber die \u00dcberwachung Ihres Glasfasernetzes erfahren? Sind Sie Eigent\u00fcmer, Verwalter oder Betreiber eines Glasfasernetzes? Sind Sie neugierig, was FiberFIT Monitoring f\u00fcr Sie bedeuten kann? [&hellip;]\" \/>\n<meta property=\"og:url\" content=\"https:\/\/fiberfit.eu\/de\/neuigkeiten\/\" \/>\n<meta property=\"og:site_name\" content=\"FiberFIT\" \/>\n<meta property=\"article:modified_time\" content=\"2021-03-01T10:36:30+00:00\" \/>\n<meta name=\"twitter:card\" content=\"summary_large_image\" \/>\n<meta name=\"twitter:label1\" content=\"Gesch\u00e4tzte Lesezeit\" \/>\n\t<meta name=\"twitter:data1\" content=\"5\u00a0Minuten\" \/>\n<script type=\"application\/ld+json\" class=\"yoast-schema-graph\">{\"@context\":\"https:\/\/schema.org\",\"@graph\":[{\"@type\":\"WebPage\",\"@id\":\"https:\/\/fiberfit.eu\/de\/neuigkeiten\/\",\"url\":\"https:\/\/fiberfit.eu\/de\/neuigkeiten\/\",\"name\":\"Neuigkeiten - FiberFIT\",\"isPartOf\":{\"@id\":\"https:\/\/fiberfit.eu\/#website\"},\"datePublished\":\"2021-03-01T10:07:24+00:00\",\"dateModified\":\"2021-03-01T10:36:30+00:00\",\"breadcrumb\":{\"@id\":\"https:\/\/fiberfit.eu\/de\/neuigkeiten\/#breadcrumb\"},\"inLanguage\":\"de\",\"potentialAction\":[{\"@type\":\"ReadAction\",\"target\":[\"https:\/\/fiberfit.eu\/de\/neuigkeiten\/\"]}]},{\"@type\":\"BreadcrumbList\",\"@id\":\"https:\/\/fiberfit.eu\/de\/neuigkeiten\/#breadcrumb\",\"itemListElement\":[{\"@type\":\"ListItem\",\"position\":1,\"name\":\"Home\",\"item\":\"https:\/\/fiberfit.eu\/de\/\"},{\"@type\":\"ListItem\",\"position\":2,\"name\":\"Neuigkeiten\"}]},{\"@type\":\"WebSite\",\"@id\":\"https:\/\/fiberfit.eu\/#website\",\"url\":\"https:\/\/fiberfit.eu\/\",\"name\":\"FiberFIT\",\"description\":\"Geavanceerde bewaking van glasvezelnetwerken\",\"potentialAction\":[{\"@type\":\"SearchAction\",\"target\":{\"@type\":\"EntryPoint\",\"urlTemplate\":\"https:\/\/fiberfit.eu\/?s={search_term_string}\"},\"query-input\":{\"@type\":\"PropertyValueSpecification\",\"valueRequired\":true,\"valueName\":\"search_term_string\"}}],\"inLanguage\":\"de\"}]}<\/script>\n<!-- \/ Yoast SEO plugin. -->","yoast_head_json":{"title":"Neuigkeiten - FiberFIT","robots":{"index":"index","follow":"follow","max-snippet":"max-snippet:-1","max-image-preview":"max-image-preview:large","max-video-preview":"max-video-preview:-1"},"canonical":"https:\/\/fiberfit.eu\/de\/neuigkeiten\/","og_locale":"de_DE","og_type":"article","og_title":"Neuigkeiten - FiberFIT","og_description":"Neuigkeiten \u00fcber FiberFIT und \u00dcberwachung von Glasfasernetzen. Neuigkeiten zum Testen, Messen, \u00dcberwachen und Verwalten von Glasfasernetzen. Informationen zum intelligenten Umgang mit Daten mit FiberFIT Home + FiberFIT Monitoring. M\u00f6chten Sie mehr \u00fcber die \u00dcberwachung Ihres Glasfasernetzes erfahren? Sind Sie Eigent\u00fcmer, Verwalter oder Betreiber eines Glasfasernetzes? Sind Sie neugierig, was FiberFIT Monitoring f\u00fcr Sie bedeuten kann? [&hellip;]","og_url":"https:\/\/fiberfit.eu\/de\/neuigkeiten\/","og_site_name":"FiberFIT","article_modified_time":"2021-03-01T10:36:30+00:00","twitter_card":"summary_large_image","twitter_misc":{"Gesch\u00e4tzte Lesezeit":"5\u00a0Minuten"},"schema":{"@context":"https:\/\/schema.org","@graph":[{"@type":"WebPage","@id":"https:\/\/fiberfit.eu\/de\/neuigkeiten\/","url":"https:\/\/fiberfit.eu\/de\/neuigkeiten\/","name":"Neuigkeiten - FiberFIT","isPartOf":{"@id":"https:\/\/fiberfit.eu\/#website"},"datePublished":"2021-03-01T10:07:24+00:00","dateModified":"2021-03-01T10:36:30+00:00","breadcrumb":{"@id":"https:\/\/fiberfit.eu\/de\/neuigkeiten\/#breadcrumb"},"inLanguage":"de","potentialAction":[{"@type":"ReadAction","target":["https:\/\/fiberfit.eu\/de\/neuigkeiten\/"]}]},{"@type":"BreadcrumbList","@id":"https:\/\/fiberfit.eu\/de\/neuigkeiten\/#breadcrumb","itemListElement":[{"@type":"ListItem","position":1,"name":"Home","item":"https:\/\/fiberfit.eu\/de\/"},{"@type":"ListItem","position":2,"name":"Neuigkeiten"}]},{"@type":"WebSite","@id":"https:\/\/fiberfit.eu\/#website","url":"https:\/\/fiberfit.eu\/","name":"FiberFIT","description":"Geavanceerde bewaking van glasvezelnetwerken","potentialAction":[{"@type":"SearchAction","target":{"@type":"EntryPoint","urlTemplate":"https:\/\/fiberfit.eu\/?s={search_term_string}"},"query-input":{"@type":"PropertyValueSpecification","valueRequired":true,"valueName":"search_term_string"}}],"inLanguage":"de"}]}},"_links":{"self":[{"href":"https:\/\/fiberfit.eu\/de\/wp-json\/wp\/v2\/pages\/1259","targetHints":{"allow":["GET"]}}],"collection":[{"href":"https:\/\/fiberfit.eu\/de\/wp-json\/wp\/v2\/pages"}],"about":[{"href":"https:\/\/fiberfit.eu\/de\/wp-json\/wp\/v2\/types\/page"}],"author":[{"embeddable":true,"href":"https:\/\/fiberfit.eu\/de\/wp-json\/wp\/v2\/users\/2"}],"replies":[{"embeddable":true,"href":"https:\/\/fiberfit.eu\/de\/wp-json\/wp\/v2\/comments?post=1259"}],"version-history":[{"count":9,"href":"https:\/\/fiberfit.eu\/de\/wp-json\/wp\/v2\/pages\/1259\/revisions"}],"predecessor-version":[{"id":1275,"href":"https:\/\/fiberfit.eu\/de\/wp-json\/wp\/v2\/pages\/1259\/revisions\/1275"}],"wp:attachment":[{"href":"https:\/\/fiberfit.eu\/de\/wp-json\/wp\/v2\/media?parent=1259"}],"curies":[{"name":"wp","href":"https:\/\/api.w.org\/{rel}","templated":true}]}}